{"id":354,"date":"2024-08-01T16:32:21","date_gmt":"2024-08-01T15:32:21","guid":{"rendered":"https:\/\/lijadosirati.com\/?page_id=354"},"modified":"2024-08-01T17:51:30","modified_gmt":"2024-08-01T16:51:30","slug":"politica-de-privacidad-y-cookies","status":"publish","type":"page","link":"https:\/\/lijadosirati.com\/index.php\/politica-de-privacidad-y-cookies\/","title":{"rendered":"POL\u00cdTICA DE PRIVACIDAD Y COOKIES"},"content":{"rendered":"<h3>POL\u00cdTICA DE PRIVACIDAD<\/h3>\n<p>LIJADOS Y BARNIZADOS IRATI garantiza la protecci\u00f3n y confidencialidad de los datos personales, de cualquier tipo que nos proporcionen nuestros clientes, usuarios de la web, o suscriptores de nuestras listas de correo, de acuerdo con lo dispuesto en el Reglamento General de Protecci\u00f3n de Datos de Car\u00e1cter Personal (en adelante, RGPD).<br \/>\nTodos los datos facilitados por nuestras empresas clientes, usuarios de la web, o suscriptores de nuestras listas de correo, a LIJADOS Y BARNIZADOS IRATI (en adelante, Lijados Irati) o a su personal, ser\u00e1n incluidos en nuestro registro de actividad de datos de car\u00e1cter personal, creado y mantenido bajo la responsabilidad de Lijados Irati, imprescindibles para prestar los servicios o solicitudes de informaci\u00f3n requeridos.<\/p>\n<p>Los datos facilitados ser\u00e1n tratados en los t\u00e9rminos establecidos en el RGPD, en este sentido Lijados Irati ha adoptado los niveles de protecci\u00f3n que legalmente se exigen, y ha instalado todas las medidas t\u00e9cnicas a su alcance para evitar la p\u00e9rdida, mal uso, alteraci\u00f3n, acceso no autorizado por terceros. No obstante, el usuario debe ser consciente de que las medidas de seguridad en Internet no son inexpugnables. En caso en que considere oportuno que se cedan sus datos de car\u00e1cter personal a otras entidades, el usuario ser\u00e1 informado de los datos cedidos, de la finalidad del fichero y del nombre y direcci\u00f3n del cesionario, para que de su consentimiento inequ\u00edvoco al respecto.<\/p>\n<p>En cumplimiento de lo establecido en el RGPD, el cliente, usuario de la web, o suscriptor de nuestras listas de correo, podr\u00e1 ejercitar, en cualquier momento, sus derechos de acceso, rectificaci\u00f3n, cancelaci\u00f3n, oposici\u00f3n, limitaci\u00f3n de tratamiento, supresi\u00f3n y portabilidad de los mismos, contactando con nosotros a la direcci\u00f3n Pol\u00edgono Industrial Berriainz, nave 127, 31013 Berriozar (Navarra) o al correo electr\u00f3nico sonia@lijadosirati.com, adjuntando copia de su DNI en caso de tratarse de datos personales.<\/p>\n<h3>POL\u00cdTICA DE COOKIES<\/h3>\n<p>En la web https:\/\/lijadosirati.com utilizamos cookies para facilitar la relaci\u00f3n de los visitantes con nuestro contenido y para permitir elaborar estad\u00edsticas sobre las visitantes que recibimos.<br \/>\nEn cumplimiento de la Directiva 2009\/136\/CE, desarrollada en nuestro ordenamiento por el apartado segundo del art\u00edculo 22 de la Ley de Servicios de Sociedad de la Informaci\u00f3n, siguiendo las directrices de la Agencia Espa\u00f1ola de Protecci\u00f3n de Datos, procedemos a informarle detalladamente del uso que se realiza en nuestra web.<\/p>\n<p>Se denominan cookies a unos peque\u00f1os archivos que se graban en el navegador utilizado por cada visitante de nuestra web para que el servidor pueda recordar la visita de ese usuario con posterioridad cuando vuelva a acceder a nuestros contenidos. Esta informaci\u00f3n no revela su identidad, ni dato personal alguno, ni accede al contenido almacenado en su pc, pero s\u00ed que permite a nuestro sistema identificarle a usted como un usuario determinado que ya visit\u00f3 la web con anterioridad, visualiz\u00f3 determinadas p\u00e1ginas, etc. y adem\u00e1s permite guardar sus preferencias personales e informaci\u00f3n t\u00e9cnica como por ejemplo las visitas realizadas o p\u00e1ginas concretas que visite.<\/p>\n<p>La finalidad de las cookies es la de facilitar al Usuario un acceso m\u00e1s r\u00e1pido a los Servicios seleccionados.<\/p>\n<p>Si no desea que se guarden cookies en su navegador o prefiere recibir una informaci\u00f3n cada vez que una cookie solicite instalarse, puede configurar sus opciones de navegaci\u00f3n para que se haga de esa forma. La mayor parte de los navegadores permiten la gesti\u00f3n de las cookies de 3 formas diferentes:<\/p>\n<ul>\n<li>Las cookies son siempre rechazadas;<\/li>\n<li>El navegador pregunta si el usuario desea instalar cada cookie;<\/li>\n<li>Las cookies son siempre aceptadas;<\/li>\n<\/ul>\n<p>Su navegador tambi\u00e9n puede incluir la posibilidad de seleccionar con detalle las cookies que desea que se instalen en su ordenador. En concreto, el usuario puede normalmente aceptar alguna de las siguientes opciones:<\/p>\n<ul>\n<li>rechazar las cookies de determinados dominios;<\/li>\n<li>rechazar las cookies de terceros;<\/li>\n<li>aceptar cookies como no persistentes (se eliminan cuando el navegador se cierra);<\/li>\n<li>permitir al servidor crear cookies para un dominio diferente.<\/li>\n<\/ul>\n<p><strong>Para permitir, conocer, bloquear o eliminar las cookies instaladas en su equipo puede hacerlo mediante la configuraci\u00f3n de las opciones del navegador instalado en su ordenador.<\/strong><br \/>\nPuede encontrar informaci\u00f3n sobre c\u00f3mo configurar los navegadores m\u00e1s usados en las siguientes ubicaciones:<\/p>\n<ul>\n<li><strong>Internet Explorer<\/strong>: Herramientas -&gt; Opciones de Internet\u00a0-&gt; Privacidad\u00a0-&gt; Configuraci\u00f3n. Para m\u00e1s informaci\u00f3n, puede consultar el\u00a0<a href=\"http:\/\/windows.microsoft.com\/es-ES\/windows\/support\" target=\"_blank\" rel=\"nofollow noopener noreferrer\">soporte de Microsoft<\/a>\u00a0o la Ayuda del navegador.<\/li>\n<li><strong>Firefox<\/strong>: Herramientas\u00a0-&gt; Opciones\u00a0-&gt; Privacidad\u00a0-&gt; Historial\u00a0-&gt; Configuraci\u00f3n Personalizada. Para m\u00e1s informaci\u00f3n, puede consultar el\u00a0<a href=\"http:\/\/support.mozilla.org\/es\/home\" target=\"_blank\" rel=\"nofollow noopener noreferrer\">soporte de Mozilla<\/a>\u00a0o la Ayuda del navegador.<\/li>\n<li><strong>Chrome<\/strong>: Configuraci\u00f3n\u00a0-&gt; Mostrar opciones avanzadas\u00a0-&gt; Privacidad\u00a0-&gt; Configuraci\u00f3n de contenido. Para m\u00e1s informaci\u00f3n, puede consultar el\u00a0<a href=\"http:\/\/support.google.com\/chrome\/?hl=es\" target=\"_blank\" rel=\"nofollow noopener noreferrer\">soporte de Google<\/a>\u00a0o la Ayuda del navegador.<\/li>\n<li><strong>Safari<\/strong>: Preferencias\u00a0-&gt; Seguridad. Para m\u00e1s informaci\u00f3n, puede consultar el\u00a0<a href=\"http:\/\/www.apple.com\/es\/support\/safari\/\" target=\"_blank\" rel=\"nofollow noopener noreferrer\">soporte de Apple<\/a>\u00a0o la Ayuda del navegador.<\/li>\n<\/ul>\n<p>Respecto de las cookies de terceros, es decir aquellas que son ajenas a nuestro sitio web, no podemos hacernos responsables del contenido y veracidad de las pol\u00edticas de privacidad que ellos incluyen por lo que la informaci\u00f3n que le ofrecemos es siempre con referencia a la fuente.<br \/>\nA continuaci\u00f3n le informamos detalladamente de las cookies que pueden instalarse desde nuestro sitio web. En funci\u00f3n de su navegaci\u00f3n podr\u00e1n instalarse todas o s\u00f3lo algunas de ellas.<\/p>\n<div id=\"listadodecookies\">\n<table style=\"border: 1px solid black;\">\n<tbody>\n<tr align=\"center\">\n<td style=\"border: 1px solid black;\">Nombre<\/td>\n<td style=\"border: 1px solid black;\">Categoria<\/td>\n<td style=\"border: 1px solid black;\">Descripci\u00f3n<\/td>\n<td style=\"border: 1px solid black;\">Propiedad<\/td>\n<\/tr>\n<tr id=\"_ga\" align=\"center\">\n<td style=\"border: 1px solid black;\">_ga, _gat, _gid<\/td>\n<td style=\"border: 1px solid black;\">An\u00e1lisis<\/td>\n<td style=\"border: 1px solid black;\">Estad\u00edsticas de navegaci\u00f3n an\u00f3nimas de Google Analytics<\/td>\n<td style=\"border: 1px solid black;\">Terceros<\/td>\n<\/tr>\n<tr id=\"wordpress_\" align=\"center\">\n<td style=\"border: 1px solid black;\">moove_gdpr_popup<\/td>\n<td style=\"border: 1px solid black;\">Funcionalidad<\/td>\n<td style=\"border: 1px solid black;\">Guarda las preferencias sobre el uso de cookies<\/td>\n<td style=\"border: 1px solid black;\">Propia<\/td>\n<\/tr>\n<\/tbody>\n<\/table>\n<\/div>\n","protected":false},"excerpt":{"rendered":"<p>POL\u00cdTICA DE PRIVACIDAD LIJADOS Y BARNIZADOS IRATI garantiza la protecci\u00f3n y confidencialidad de los datos personales, de cualquier tipo que nos proporcionen nuestros clientes, usuarios de<span class=\"excerpt-hellip\"> [\u2026]<\/span><\/p>\n","protected":false},"author":2,"featured_media":0,"parent":0,"menu_order":0,"comment_status":"closed","ping_status":"closed","template":"","meta":{"footnotes":""},"class_list":["post-354","page","type-page","status-publish","hentry"],"yoast_head":"<!-- This site is optimized with the Yoast SEO plugin v27.0 - https:\/\/yoast.com\/product\/yoast-seo-wordpress\/ -->\n<title>POL\u00cdTICA DE PRIVACIDAD Y COOKIES - Lijados y Barnizados Irati<\/title>\n<meta name=\"robots\" content=\"noindex, nofollow\" \/>\n<meta property=\"og:locale\" content=\"es_ES\" \/>\n<meta property=\"og:type\" content=\"article\" \/>\n<meta property=\"og:title\" content=\"POL\u00cdTICA DE PRIVACIDAD Y COOKIES - Lijados y Barnizados Irati\" \/>\n<meta property=\"og:description\" content=\"POL\u00cdTICA DE PRIVACIDAD LIJADOS Y BARNIZADOS IRATI garantiza la protecci\u00f3n y confidencialidad de los datos personales, de cualquier tipo que nos proporcionen nuestros clientes, usuarios de [\u2026]\" \/>\n<meta property=\"og:url\" content=\"https:\/\/lijadosirati.com\/index.php\/politica-de-privacidad-y-cookies\/\" \/>\n<meta property=\"og:site_name\" content=\"Lijados y Barnizados Irati\" \/>\n<meta property=\"article:modified_time\" content=\"2024-08-01T16:51:30+00:00\" \/>\n<meta name=\"twitter:card\" content=\"summary_large_image\" \/>\n<meta name=\"twitter:label1\" content=\"Tiempo de lectura\" \/>\n\t<meta name=\"twitter:data1\" content=\"4 minutos\" \/>\n<script type=\"application\/ld+json\" class=\"yoast-schema-graph\">{\"@context\":\"https:\/\/schema.org\",\"@graph\":[{\"@type\":\"WebPage\",\"@id\":\"https:\/\/lijadosirati.com\/index.php\/politica-de-privacidad-y-cookies\/\",\"url\":\"https:\/\/lijadosirati.com\/index.php\/politica-de-privacidad-y-cookies\/\",\"name\":\"POL\u00cdTICA DE PRIVACIDAD Y COOKIES - Lijados y Barnizados Irati\",\"isPartOf\":{\"@id\":\"https:\/\/lijadosirati.com\/#website\"},\"datePublished\":\"2024-08-01T15:32:21+00:00\",\"dateModified\":\"2024-08-01T16:51:30+00:00\",\"breadcrumb\":{\"@id\":\"https:\/\/lijadosirati.com\/index.php\/politica-de-privacidad-y-cookies\/#breadcrumb\"},\"inLanguage\":\"es\",\"potentialAction\":[{\"@type\":\"ReadAction\",\"target\":[\"https:\/\/lijadosirati.com\/index.php\/politica-de-privacidad-y-cookies\/\"]}]},{\"@type\":\"BreadcrumbList\",\"@id\":\"https:\/\/lijadosirati.com\/index.php\/politica-de-privacidad-y-cookies\/#breadcrumb\",\"itemListElement\":[{\"@type\":\"ListItem\",\"position\":1,\"name\":\"Portada\",\"item\":\"https:\/\/lijadosirati.com\/\"},{\"@type\":\"ListItem\",\"position\":2,\"name\":\"POL\u00cdTICA DE PRIVACIDAD Y COOKIES\"}]},{\"@type\":\"WebSite\",\"@id\":\"https:\/\/lijadosirati.com\/#website\",\"url\":\"https:\/\/lijadosirati.com\/\",\"name\":\"Lijados y Barnizados Irati\",\"description\":\"Lijados y Barnizados Irati Pamplona\",\"publisher\":{\"@id\":\"https:\/\/lijadosirati.com\/#organization\"},\"potentialAction\":[{\"@type\":\"SearchAction\",\"target\":{\"@type\":\"EntryPoint\",\"urlTemplate\":\"https:\/\/lijadosirati.com\/?s={search_term_string}\"},\"query-input\":{\"@type\":\"PropertyValueSpecification\",\"valueRequired\":true,\"valueName\":\"search_term_string\"}}],\"inLanguage\":\"es\"},{\"@type\":\"Organization\",\"@id\":\"https:\/\/lijadosirati.com\/#organization\",\"name\":\"Lijados y Barnizados Irati\",\"url\":\"https:\/\/lijadosirati.com\/\",\"logo\":{\"@type\":\"ImageObject\",\"inLanguage\":\"es\",\"@id\":\"https:\/\/lijadosirati.com\/#\/schema\/logo\/image\/\",\"url\":\"https:\/\/lijadosirati.com\/wp-content\/uploads\/2018\/08\/cropped-beinterior4-logo.png\",\"contentUrl\":\"https:\/\/lijadosirati.com\/wp-content\/uploads\/2018\/08\/cropped-beinterior4-logo.png\",\"width\":250,\"height\":65,\"caption\":\"Lijados y Barnizados Irati\"},\"image\":{\"@id\":\"https:\/\/lijadosirati.com\/#\/schema\/logo\/image\/\"}}]}<\/script>\n<!-- \/ Yoast SEO plugin. -->","yoast_head_json":{"title":"POL\u00cdTICA DE PRIVACIDAD Y COOKIES - Lijados y Barnizados Irati","robots":{"index":"noindex","follow":"nofollow"},"og_locale":"es_ES","og_type":"article","og_title":"POL\u00cdTICA DE PRIVACIDAD Y COOKIES - Lijados y Barnizados Irati","og_description":"POL\u00cdTICA DE PRIVACIDAD LIJADOS Y BARNIZADOS IRATI garantiza la protecci\u00f3n y confidencialidad de los datos personales, de cualquier tipo que nos proporcionen nuestros clientes, usuarios de [\u2026]","og_url":"https:\/\/lijadosirati.com\/index.php\/politica-de-privacidad-y-cookies\/","og_site_name":"Lijados y Barnizados Irati","article_modified_time":"2024-08-01T16:51:30+00:00","twitter_card":"summary_large_image","twitter_misc":{"Tiempo de lectura":"4 minutos"},"schema":{"@context":"https:\/\/schema.org","@graph":[{"@type":"WebPage","@id":"https:\/\/lijadosirati.com\/index.php\/politica-de-privacidad-y-cookies\/","url":"https:\/\/lijadosirati.com\/index.php\/politica-de-privacidad-y-cookies\/","name":"POL\u00cdTICA DE PRIVACIDAD Y COOKIES - Lijados y Barnizados Irati","isPartOf":{"@id":"https:\/\/lijadosirati.com\/#website"},"datePublished":"2024-08-01T15:32:21+00:00","dateModified":"2024-08-01T16:51:30+00:00","breadcrumb":{"@id":"https:\/\/lijadosirati.com\/index.php\/politica-de-privacidad-y-cookies\/#breadcrumb"},"inLanguage":"es","potentialAction":[{"@type":"ReadAction","target":["https:\/\/lijadosirati.com\/index.php\/politica-de-privacidad-y-cookies\/"]}]},{"@type":"BreadcrumbList","@id":"https:\/\/lijadosirati.com\/index.php\/politica-de-privacidad-y-cookies\/#breadcrumb","itemListElement":[{"@type":"ListItem","position":1,"name":"Portada","item":"https:\/\/lijadosirati.com\/"},{"@type":"ListItem","position":2,"name":"POL\u00cdTICA DE PRIVACIDAD Y COOKIES"}]},{"@type":"WebSite","@id":"https:\/\/lijadosirati.com\/#website","url":"https:\/\/lijadosirati.com\/","name":"Lijados y Barnizados Irati","description":"Lijados y Barnizados Irati Pamplona","publisher":{"@id":"https:\/\/lijadosirati.com\/#organization"},"potentialAction":[{"@type":"SearchAction","target":{"@type":"EntryPoint","urlTemplate":"https:\/\/lijadosirati.com\/?s={search_term_string}"},"query-input":{"@type":"PropertyValueSpecification","valueRequired":true,"valueName":"search_term_string"}}],"inLanguage":"es"},{"@type":"Organization","@id":"https:\/\/lijadosirati.com\/#organization","name":"Lijados y Barnizados Irati","url":"https:\/\/lijadosirati.com\/","logo":{"@type":"ImageObject","inLanguage":"es","@id":"https:\/\/lijadosirati.com\/#\/schema\/logo\/image\/","url":"https:\/\/lijadosirati.com\/wp-content\/uploads\/2018\/08\/cropped-beinterior4-logo.png","contentUrl":"https:\/\/lijadosirati.com\/wp-content\/uploads\/2018\/08\/cropped-beinterior4-logo.png","width":250,"height":65,"caption":"Lijados y Barnizados Irati"},"image":{"@id":"https:\/\/lijadosirati.com\/#\/schema\/logo\/image\/"}}]}},"_links":{"self":[{"href":"https:\/\/lijadosirati.com\/index.php\/wp-json\/wp\/v2\/pages\/354","targetHints":{"allow":["GET"]}}],"collection":[{"href":"https:\/\/lijadosirati.com\/index.php\/wp-json\/wp\/v2\/pages"}],"about":[{"href":"https:\/\/lijadosirati.com\/index.php\/wp-json\/wp\/v2\/types\/page"}],"author":[{"embeddable":true,"href":"https:\/\/lijadosirati.com\/index.php\/wp-json\/wp\/v2\/users\/2"}],"replies":[{"embeddable":true,"href":"https:\/\/lijadosirati.com\/index.php\/wp-json\/wp\/v2\/comments?post=354"}],"version-history":[{"count":5,"href":"https:\/\/lijadosirati.com\/index.php\/wp-json\/wp\/v2\/pages\/354\/revisions"}],"predecessor-version":[{"id":359,"href":"https:\/\/lijadosirati.com\/index.php\/wp-json\/wp\/v2\/pages\/354\/revisions\/359"}],"wp:attachment":[{"href":"https:\/\/lijadosirati.com\/index.php\/wp-json\/wp\/v2\/media?parent=354"}],"curies":[{"name":"wp","href":"https:\/\/api.w.org\/{rel}","templated":true}]}}